{"id":216,"date":"2019-04-29T18:22:46","date_gmt":"2019-04-29T16:22:46","guid":{"rendered":"https:\/\/deup.info\/?page_id=216"},"modified":"2023-03-15T18:30:45","modified_gmt":"2023-03-15T17:30:45","slug":"deup-digitally-readable-environmental-badge-3","status":"publish","type":"page","link":"https:\/\/deup.info\/fr\/","title":{"rendered":"DEUP : L\u2019\u00e9co-vignette \u00e9lectronique"},"content":{"rendered":"<section class=\"l-section wpb_row us_custom_edf19511 height_medium with_img\" id=\"start\"><div class=\"l-section-img\" data-img-width=\"1920\" data-img-height=\"700\" style=\"background-image: url(https:\/\/deup.info\/wp-content\/uploads\/2019\/03\/DEUP-hero.jpg);\"><\/div><div class=\"l-section-h i-cf\"><div class=\"g-cols vc_row via_grid cols_1 laptops-cols_inherit tablets-cols_inherit mobiles-cols_1 valign_top type_default stacking_default\"><div class=\"wpb_column vc_column_container\"><div class=\"vc_column-inner\"><\/div><\/div><\/div><\/div><\/section><section class=\"l-section wpb_row height_huge\" id=\"message\"><div class=\"l-section-h i-cf\"><div class=\"g-cols vc_row via_grid cols_1 laptops-cols_inherit tablets-cols_inherit mobiles-cols_1 valign_top type_default stacking_default\"><div class=\"wpb_column vc_column_container us_animate_fade\" style=\"animation-delay:0.2s\"><div class=\"vc_column-inner\"><div class=\"wpb_text_column\"><div class=\"wpb_wrapper\"><h1 style=\"text-align: center;\"><strong>La DEUP<\/strong> : l\u2019\u00e9co-vignette \u00e9lectronique est la r\u00e9ponse technique aux interdictions actuellement d\u00e9battues de rouler dans les zones environnementales des villes.<\/h1>\n<\/div><\/div><\/div><\/div><\/div><\/div><\/section><section class=\"l-section wpb_row height_medium color_primary\" id=\"video\"><div class=\"l-section-h i-cf\"><div class=\"g-cols vc_row via_grid cols_1-4-1 laptops-cols_inherit tablets-cols_inherit mobiles-cols_1 valign_top type_default stacking_default\"><div class=\"wpb_column vc_column_container\"><div class=\"vc_column-inner\"><\/div><\/div><div class=\"wpb_column vc_column_container\"><div class=\"vc_column-inner\"><div class=\"g-cols wpb_row us_custom_5c07cc07 via_grid cols_1 laptops-cols_inherit tablets-cols_inherit mobiles-cols_1 valign_top type_default stacking_default\" style=\"grid-gap:calc(3rem + 2.5px);\"><div class=\"wpb_column vc_column_container us_animate_afl\" style=\"animation-delay:0.6s\"><div class=\"vc_column-inner\"><div class=\"wpb_text_column\"><div class=\"wpb_wrapper\"><p style=\"text-align: center;\"><small><strong>The german version is available on our youtube channel, please follow this link.<\/strong><\/small><\/p>\n<\/div><\/div><div class=\"w-btn-wrapper align_center\"><a class=\"w-btn us-btn-style_1 us_custom_80a192e9 icon_atleft\" title=\"Zum Youtube-Kanal\" target=\"_blank\" rel=\"nofollow noopener\" href=\"https:\/\/www.youtube.com\/channel\/UCF2FKw_P5Cn3SgHDtW4Nebg\"><i class=\"fab fa-youtube\"><\/i><span class=\"w-btn-label\">zum Youtube-Kanal<\/span><\/a><\/div><\/div><\/div><\/div><\/div><\/div><div class=\"wpb_column vc_column_container\"><div class=\"vc_column-inner\"><\/div><\/div><\/div><\/div><\/section><section class=\"l-section wpb_row height_medium\"><div class=\"l-section-h i-cf\"><div class=\"g-cols vc_row via_grid cols_3 laptops-cols_inherit tablets-cols_inherit mobiles-cols_1 valign_top type_default stacking_default\"><div class=\"wpb_column vc_column_container us_animate_afb\"><div class=\"vc_column-inner\"><div class=\"w-iconbox iconpos_top style_default color_primary align_center\"><div class=\"w-iconbox-icon\" style=\"font-size:2rem;\"><i class=\"fas fa-car\"><\/i><\/div><div class=\"w-iconbox-meta\"><h4 class=\"w-iconbox-title\">Pr\u00e9cise<\/h4><div class=\"w-iconbox-text\"><p>La vignette peut \u00eatre attach\u00e9e \u00e0 toutes les plaques d\u2019immatriculation europ\u00e9ennes. La DEUP est encod\u00e9e num\u00e9riquement et contient toutes les donn\u00e9es techniques pertinentes relatives au v\u00e9hicule, afin que soient calcul\u00e9s les co\u00fbts individuels de l\u2019entr\u00e9e dans les zones environnementales.<\/p>\n<\/div><\/div><\/div><\/div><\/div><div class=\"wpb_column vc_column_container us_animate_afb\" style=\"animation-delay:0.2s\"><div class=\"vc_column-inner\"><div class=\"w-iconbox iconpos_top style_default color_primary align_center\"><div class=\"w-iconbox-icon\" style=\"font-size:2rem;\"><i class=\"fas fa-video\"><\/i><\/div><div class=\"w-iconbox-meta\"><h4 class=\"w-iconbox-title\">Enti\u00e8rement automatique<\/h4><div class=\"w-iconbox-text\"><p>Lors de l\u2019entr\u00e9e dans les villes, la DEUP est automatiquement d\u00e9tect\u00e9e \u00e0 proximit\u00e9 des feux de signalisation. Le calcul des co\u00fbts d\u2019entr\u00e9e est effectu\u00e9 \u00e0 partir du degr\u00e9 de pollution du jour et des donn\u00e9es individuelles du v\u00e9hicule. <\/p>\n<\/div><\/div><\/div><\/div><\/div><div class=\"wpb_column vc_column_container us_animate_afb\" style=\"animation-delay:0.4s\"><div class=\"vc_column-inner\"><div class=\"w-iconbox iconpos_top style_default color_primary align_center\"><div class=\"w-iconbox-icon\" style=\"font-size:2rem;\"><i class=\"fas fa-bus\"><\/i><\/div><div class=\"w-iconbox-meta\"><h4 class=\"w-iconbox-title\">Connect\u00e9e<\/h4><div class=\"w-iconbox-text\"><p>Le syst\u00e8me peut par exemple \u00eatre reli\u00e9 au r\u00e9seau de transport public ou \u00e0 un syst\u00e8me de covoiturage. Nous indiquons au conducteur, via notre application, le degr\u00e9 de pollution des villes et lui offrons simultan\u00e9ment des possibilit\u00e9s de transport alternatives.<\/p>\n<\/div><\/div><\/div><\/div><\/div><\/div><\/div><\/section><section class=\"l-section wpb_row height_medium color_alternate\" id=\"funktion\"><div class=\"l-section-h i-cf\"><div class=\"g-cols vc_row via_grid cols_1-4-1 laptops-cols_inherit tablets-cols_inherit mobiles-cols_1 valign_top type_default stacking_default\"><div class=\"wpb_column vc_column_container\"><div class=\"vc_column-inner\"><\/div><\/div><div class=\"wpb_column vc_column_container us_animate_afl\"><div class=\"vc_column-inner\"><div class=\"wpb_text_column\"><div class=\"wpb_wrapper\"><h2>Comment fonctionne\u00a0la <strong>DEUP ?<\/strong><\/h2>\n<p>\u00c0 la diff\u00e9rence de la vignette \u00e9cologique verte utilis\u00e9e jusqu\u2019\u00e0 pr\u00e9sent, la DEUP est attribu\u00e9e par le service de la circulation routi\u00e8re lors de l\u2019immatriculation ou d\u2019un changement de propri\u00e9taire. L\u2019attribution peut ainsi \u00eatre contr\u00f4l\u00e9e par le gouvernement.<\/p>\n<p style=\"margin: 0cm; margin-bottom: .0001pt;\"><span lang=\"EN-GB\">\u00a0<\/span><\/p>\n<\/div><\/div><\/div><\/div><div class=\"wpb_column vc_column_container\"><div class=\"vc_column-inner\"><\/div><\/div><\/div><\/div><\/section><section class=\"l-section wpb_row height_medium\"><div class=\"l-section-h i-cf\"><div class=\"g-cols vc_row via_grid cols_1 laptops-cols_inherit tablets-cols_inherit mobiles-cols_1 valign_top type_default stacking_default\"><div class=\"wpb_column vc_column_container\"><div class=\"vc_column-inner\"><div class=\"wpb_text_column\"><div class=\"wpb_wrapper\"><\/div><\/div><\/div><\/div><\/div><\/div><\/section><section class=\"l-section wpb_row height_medium\"><div class=\"l-section-h i-cf\"><div class=\"g-cols vc_row via_grid cols_custom laptops-cols_inherit tablets-cols_inherit mobiles-cols_1 valign_top type_default stacking_default\" style=\"--custom-columns:1fr 1fr 3fr 1fr \"><div class=\"wpb_column vc_column_container\"><div class=\"vc_column-inner\"><\/div><\/div><div class=\"wpb_column vc_column_container\"><div class=\"vc_column-inner\"><div class=\"w-image align_center\"><div class=\"w-image-h\"><img width=\"300\" height=\"300\" src=\"https:\/\/deup.info\/wp-content\/uploads\/2019\/03\/deup-icon-300x300.png\" class=\"attachment-medium size-medium\" alt=\"\" decoding=\"async\" loading=\"lazy\" srcset=\"https:\/\/deup.info\/wp-content\/uploads\/2019\/03\/deup-icon-300x300.png 300w, https:\/\/deup.info\/wp-content\/uploads\/2019\/03\/deup-icon-150x150.png 150w, https:\/\/deup.info\/wp-content\/uploads\/2019\/03\/deup-icon-350x350.png 350w, https:\/\/deup.info\/wp-content\/uploads\/2019\/03\/deup-icon.png 512w\" sizes=\"(max-width: 300px) 100vw, 300px\" \/><\/div><\/div><\/div><\/div><div class=\"wpb_column vc_column_container\"><div class=\"vc_column-inner\"><div class=\"w-iconbox us_custom_f2eec366 iconpos_left style_default color_primary align_left\"><div class=\"w-iconbox-icon\" style=\"font-size:2rem;\"><i class=\"fas fa-check\"><\/i><\/div><div class=\"w-iconbox-meta\"><h4 class=\"w-iconbox-title\">\u00c9tape 1<\/h4><div class=\"w-iconbox-text\"><p>L\u2019\u00e9co-vignette \u00e9lectronique est attribu\u00e9e par le service de la circulation routi\u00e8re. L\u2019attribution peut ainsi \u00eatre contr\u00f4l\u00e9e par le gouvernement.<\/p>\n<\/div><\/div><\/div><div class=\"w-iconbox us_custom_f2eec366 iconpos_left style_default color_primary align_left\"><div class=\"w-iconbox-icon\" style=\"font-size:2rem;\"><i class=\"fas fa-check\"><\/i><\/div><div class=\"w-iconbox-meta\"><h4 class=\"w-iconbox-title\">\u00c9tape 2<\/h4><div class=\"w-iconbox-text\"><p>Elle est attach\u00e9e \u00e0 la plaque d\u2019immatriculation europ\u00e9enne de la voiture correspondante. Elle contient les donn\u00e9es relatives au v\u00e9hicule ainsi que les donn\u00e9es d\u2019\u00e9mission pour l\u2019entr\u00e9e dans la zone environnementale (norme Euro).<\/p>\n<\/div><\/div><\/div><div class=\"w-iconbox us_custom_f2eec366 iconpos_left style_default color_primary align_left\"><div class=\"w-iconbox-icon\" style=\"font-size:2rem;\"><i class=\"fas fa-check\"><\/i><\/div><div class=\"w-iconbox-meta\"><h4 class=\"w-iconbox-title\">\u00c9tape 3<\/h4><div class=\"w-iconbox-text\"><p>A l\u2019aide d\u2019appareils de saisie attach\u00e9s au premier feu de signalisation d\u2019une zone \u00e9cologique, les donn\u00e9es sont lues ind\u00e9pendamment de la personne, et avec parcimonie, dans les zones d\u2019agglom\u00e9ration.<\/p>\n<\/div><\/div><\/div><\/div><\/div><div class=\"wpb_column vc_column_container\"><div class=\"vc_column-inner\"><\/div><\/div><\/div><\/div><\/section><section class=\"l-section wpb_row height_medium\"><div class=\"l-section-h i-cf\"><div class=\"g-cols vc_row via_grid cols_1 laptops-cols_inherit tablets-cols_inherit mobiles-cols_1 valign_top type_default stacking_default\"><div class=\"wpb_column vc_column_container\"><div class=\"vc_column-inner\"><div class=\"wpb_text_column\"><div class=\"wpb_wrapper\"><\/div><\/div><\/div><\/div><\/div><\/div><\/section><section class=\"l-section wpb_row height_medium color_alternate\"><div class=\"l-section-h i-cf\"><div class=\"g-cols vc_row via_grid cols_1-4-1 laptops-cols_inherit tablets-cols_inherit mobiles-cols_1 valign_top type_default stacking_default\"><div class=\"wpb_column vc_column_container\"><div class=\"vc_column-inner\"><\/div><\/div><div class=\"wpb_column vc_column_container us_animate_afr\"><div class=\"vc_column-inner\"><div class=\"wpb_text_column\"><div class=\"wpb_wrapper\"><h2>Qu\u2019est-ce qui rend la <strong>DEUP<\/strong> intelligente\u00a0?<\/h2>\n<p>Les donn\u00e9es du v\u00e9hicule et le degr\u00e9 actuel de pollution de l\u2019air constituent une base pour le calcul de la majoration variable de la taxe KFZ. Les voitures non polluantes roulent gratuitement; au contraire les voitures qui polluent beaucoup se voient attribuer une majoration correspondant \u00e0 leur classe de pollution, pour l\u2019entr\u00e9e.<\/p>\n<p style=\"margin: 0cm; margin-bottom: .0001pt;\"><span lang=\"EN-GB\">\u00a0<\/span><\/p>\n<\/div><\/div><\/div><\/div><div class=\"wpb_column vc_column_container\"><div class=\"vc_column-inner\"><\/div><\/div><\/div><\/div><\/section><section class=\"l-section wpb_row height_medium\"><div class=\"l-section-h i-cf\"><div class=\"g-cols vc_row via_grid cols_custom laptops-cols_inherit tablets-cols_inherit mobiles-cols_1 valign_top type_default stacking_default\" style=\"--custom-columns:1fr 3fr 2fr \"><div class=\"wpb_column vc_column_container\"><div class=\"vc_column-inner\"><\/div><\/div><div class=\"wpb_column vc_column_container\"><div class=\"vc_column-inner\"><div class=\"wpb_text_column\"><div class=\"wpb_wrapper\"><p>Mais les possibilit\u00e9s de la DEUP vont bien au-del\u00e0. Ainsi, les profils de mobilit\u00e9 des v\u00e9hicules peuvent \u00eatre utilis\u00e9s sur de plus longues p\u00e9riodes en vue de mesures politiques cibl\u00e9es concernant les transports.<\/p>\n<h2><strong>L\u2019application DEUP<\/strong> informe en temps-r\u00e9el et propose des alternatives<\/h2>\n<p>Le prix du jour de l\u2019entr\u00e9e dans la zone environnementale est imm\u00e9diatement port\u00e9 \u00e0 la connaissance du conducteur. Des alternatives moins co\u00fbteuses ou plus \u00e9cologiques sont signal\u00e9es dans l\u2019application. Elles sont promues en coop\u00e9ration avec les transports publics locaux, les fournisseurs de places de parking ou les prestataires de covoiturage ou de v\u00e9los en libre-service.<\/p>\n<p style=\"margin: 0cm; margin-bottom: .0001pt;\"><span lang=\"EN-GB\">\u00a0<\/span><\/p>\n<\/div><\/div><\/div><\/div><div class=\"wpb_column vc_column_container us_animate_fade\" style=\"animation-delay:0.4s\"><div class=\"vc_column-inner\"><div class=\"w-image align_none us_animate_fade\" style=\"animation-delay:0.8s\"><div class=\"w-image-h\"><img width=\"300\" height=\"265\" src=\"https:\/\/deup.info\/wp-content\/uploads\/2019\/03\/deup-connect-small-300x265.jpg\" class=\"attachment-medium size-medium\" alt=\"\" decoding=\"async\" loading=\"lazy\" srcset=\"https:\/\/deup.info\/wp-content\/uploads\/2019\/03\/deup-connect-small-300x265.jpg 300w, https:\/\/deup.info\/wp-content\/uploads\/2019\/03\/deup-connect-small.jpg 750w\" sizes=\"(max-width: 300px) 100vw, 300px\" \/><\/div><\/div><\/div><\/div><\/div><\/div><\/section>\n","protected":false},"excerpt":{"rendered":"La DEUP : l\u2019\u00e9co-vignette \u00e9lectronique est la r\u00e9ponse technique aux interdictions actuellement d\u00e9battues de rouler dans les zones environnementales des villes. The german version is available on our youtube channel, please follow this link. zum Youtube-KanalPr\u00e9ciseLa vignette peut \u00eatre attach\u00e9e \u00e0 toutes les plaques d\u2019immatriculation europ\u00e9ennes. La DEUP est encod\u00e9e num\u00e9riquement et contient toutes les...","protected":false},"author":1,"featured_media":0,"parent":0,"menu_order":0,"comment_status":"closed","ping_status":"closed","template":"","meta":{"_seopress_robots_primary_cat":""},"_links":{"self":[{"href":"https:\/\/deup.info\/fr\/wp-json\/wp\/v2\/pages\/216"}],"collection":[{"href":"https:\/\/deup.info\/fr\/wp-json\/wp\/v2\/pages"}],"about":[{"href":"https:\/\/deup.info\/fr\/wp-json\/wp\/v2\/types\/page"}],"author":[{"embeddable":true,"href":"https:\/\/deup.info\/fr\/wp-json\/wp\/v2\/users\/1"}],"replies":[{"embeddable":true,"href":"https:\/\/deup.info\/fr\/wp-json\/wp\/v2\/comments?post=216"}],"version-history":[{"count":12,"href":"https:\/\/deup.info\/fr\/wp-json\/wp\/v2\/pages\/216\/revisions"}],"predecessor-version":[{"id":310,"href":"https:\/\/deup.info\/fr\/wp-json\/wp\/v2\/pages\/216\/revisions\/310"}],"wp:attachment":[{"href":"https:\/\/deup.info\/fr\/wp-json\/wp\/v2\/media?parent=216"}],"curies":[{"name":"wp","href":"https:\/\/api.w.org\/{rel}","templated":true}]}}